{"id":2345,"date":"2024-10-23T00:01:17","date_gmt":"2024-10-22T22:01:17","guid":{"rendered":"https:\/\/negi.se.vkube.cloud\/?page_id=2345"},"modified":"2026-01-31T12:18:12","modified_gmt":"2026-01-31T11:18:12","slug":"anmalan","status":"publish","type":"page","link":"https:\/\/kebclassic.se\/en\/anmalan\/","title":{"rendered":"Registration"},"content":{"rendered":"<div class=\"wp-block-uagb-container uagb-block-93b94c88 alignfull uagb-is-root-container\"><div class=\"uagb-container-inner-blocks-wrap\">\n<div class=\"wp-block-uagb-advanced-heading uagb-block-8a1eebc0\"><h1 class=\"uagb-heading-text\">Registration<\/h1><\/div>\n<\/div><\/div>\n\n\n\n<div class=\"wp-block-uagb-advanced-heading uagb-block-e874992d\"><h2 class=\"uagb-heading-text\">Keb Classic 2026 kommer inte att genomf\u00f6ras i \u00e5r.<\/h2><p class=\"uagb-desc-text\">Vi tackar alla deltagare och funktion\u00e4rer f\u00f6r deras stora engagemang och forts\u00e4tter arbeta vidare med framtiden. Vi uppdaterar i v\u00e5ra kanaler n\u00e4r vi har mer information om vad som h\u00e4nder fram\u00e5t.<\/p><\/div>\n\n\n\n<div class=\"wp-block-uagb-container uagb-block-anxmceze alignfull uagb-is-root-container\"><div class=\"uagb-container-inner-blocks-wrap\">\n<div class=\"wp-block-uagb-container uagb-block-nzbek7mq\">\n<div class=\"wp-block-uagb-info-box uagb-block-lzokq9m3 uagb-infobox__content-wrap  uagb-infobox-icon-above-title uagb-infobox-image-valign-top wp-block-uagb-info-box--has-margin\"><div class=\"uagb-infobox-margin-wrapper\"><div class=\"uagb-ifb-content\"><div class=\"uagb-ifb-title-wrap\"><h2 class=\"uagb-ifb-title\">Prices &amp; Payment<\/h2><\/div><p class=\"uagb-ifb-desc translation-block\">Instructions for payment will be sent after we have confirmed your registration.<br><br>Registration fee (incl. dinner banquet):<br>Alpine class: SEK 2990\/person<br>Ski touring class: SEK 2390\/person<br><br>Prices for accommodation and food can be found on the page below.<\/p><\/div><\/div><\/div>\n\n\n\n<div class=\"wp-block-uagb-buttons uagb-buttons__outer-wrap uagb-btn__default-btn uagb-btn-tablet__default-btn uagb-btn-mobile__default-btn uagb-block-5z4mvzoj\"><div class=\"uagb-buttons__wrap uagb-buttons-layout-wrap\">\n<div class=\"wp-block-uagb-buttons-child uagb-buttons__outer-wrap uagb-block-d7xzdiis wp-block-button\"><div class=\"uagb-button__wrapper\"><a class=\"uagb-buttons-repeater wp-block-button__link\" aria-label=\"\" href=\"\/en\/boende\/\" rel=\"follow noopener\" target=\"_blank\" role=\"button\"><div class=\"uagb-button__link\">Accomodation &amp; Food<\/div><\/a><\/div><\/div>\n<\/div><\/div>\n<\/div>\n\n\n\n<div class=\"wp-block-uagb-image alignleft uagb-block-tfo6wryk wp-block-uagb-image--layout-default wp-block-uagb-image--effect-static wp-block-uagb-image--align-left\"><figure class=\"wp-block-uagb-image__figure\"><img decoding=\"async\" srcset=\"https:\/\/kebclassic.se\/wp-content\/uploads\/2024\/10\/FBIG-17-1024x683.jpg ,https:\/\/kebclassic.se\/wp-content\/uploads\/2024\/10\/FBIG-17.jpg 780w, https:\/\/kebclassic.se\/wp-content\/uploads\/2024\/10\/FBIG-17.jpg 360w\" sizes=\"auto, (max-width: 480px) 150px\" src=\"https:\/\/kebclassic.se\/wp-content\/uploads\/2024\/10\/FBIG-17-1024x683.jpg\" alt=\"\" class=\"uag-image-2567\" width=\"564\" height=\"423\" title=\"FBIG-17\" loading=\"lazy\" role=\"img\"\/><\/figure><\/div>\n<\/div><\/div>\n\n\n\n<div class=\"wp-block-uagb-container uagb-block-7vxp6x65 alignfull uagb-is-root-container\"><div class=\"uagb-container-inner-blocks-wrap\">\n<div class=\"wp-block-uagb-info-box uagb-block-gwymnikw uagb-infobox__content-wrap  uagb-infobox-icon-above-title uagb-infobox-image-valign-top\"><div class=\"uagb-ifb-content\"><div class=\"uagb-ifb-title-wrap\"><h2 class=\"uagb-ifb-title\">Important information for all competitors<\/h2><\/div><\/div><\/div>\n\n\n\n<div class=\"wp-block-uagb-container uagb-block-he8mlncc\">\n<div class=\"wp-block-uagb-info-box uagb-block-g8vfjbhx uagb-infobox__content-wrap  uagb-infobox-icon-above-title uagb-infobox-image-valign-top\"><div class=\"uagb-ifb-content\"><div class=\"uagb-ifb-title-wrap\"><\/div><p class=\"uagb-ifb-desc\">In order to participate in both the Alpine and Touring class, you must hold a paid membership in a Climbing Club connected to the Swedish Climbing Association or the equivalent in another country. This is due to safety reasons and that you must be insured during the competition. If you cannot prove membership, it may mean automatic disqualification for your team.<br><\/p><\/div><\/div>\n\n\n\n<div class=\"wp-block-uagb-info-box uagb-block-b09v7hvl uagb-infobox__content-wrap  uagb-infobox-icon-above-title uagb-infobox-image-valign-top\"><div class=\"uagb-ifb-content\"><div class=\"uagb-ifb-title-wrap\"><\/div><p class=\"uagb-ifb-desc\">Vi samarbetar med Kiruna Kl\u00e4tterklubb som kan bist\u00e5 med medlemskap, vilket du kan ordna&nbsp;<a href=\"https:\/\/kirunaklatterklubb.se\/#MedlemskapAvgifter\">h\u00e4r<\/a>.<br><br>Keb Classic \u00e4r en SM-t\u00e4vling och anordnas i samarbete med Kiruna Kl\u00e4tterklubb och Svenska kl\u00e4tterf\u00f6rbundet. Anm\u00e4lan till SM g\u00f6rs p\u00e5 plats<br>F\u00f6r att delta i SM, m\u00e5ste laget h\u00e5lla ihop b\u00e5da t\u00e4vlingsdagarna.<\/p><\/div><\/div>\n<\/div>\n<\/div><\/div>\n\n\n\n<div class=\"wp-block-uagb-container uagb-block-1c22e149 alignfull uagb-is-root-container\"><div class=\"uagb-container-inner-blocks-wrap\">\n<div class=\"wp-block-uagb-advanced-heading uagb-block-9007a918\"><h2 class=\"uagb-heading-text\">Register your team<\/h2><p class=\"uagb-desc-text\">Registration to Keb Classic 2026 is temporarily closed. Check back later.<br><br>Payment instructions and more information about the race will be sent out after registration.<\/p><\/div>\n\n\n<\/div><\/div>\n\n\n\n<div class=\"wp-block-uagb-advanced-heading uagb-block-b9558878\"><h2 class=\"uagb-heading-text\">See you on the mountain!<\/h2><\/div>","protected":false},"excerpt":{"rendered":"<p>Anm\u00e4lan Keb Classic 2026 kommer inte att genomf\u00f6ras i \u00e5r. Vi tackar alla deltagare och funktion\u00e4rer f\u00f6r deras stora engagemang och forts\u00e4tter arbeta vidare med framtiden. Vi uppdaterar i v\u00e5ra kanaler n\u00e4r vi har mer information om vad som h\u00e4nder fram\u00e5t. Anm\u00e4l ditt lag Anm\u00e4lan till Keb Classic 2026 \u00e4r st\u00e4ngd f\u00f6r tillf\u00e4llet. Betalningsinformation och [&hellip;]<\/p>","protected":false},"author":1,"featured_media":0,"parent":0,"menu_order":0,"comment_status":"closed","ping_status":"closed","template":"","meta":{"_uag_custom_page_level_css":"","site-sidebar-layout":"default","site-content-layout":"","ast-site-content-layout":"full-width-container","site-content-style":"default","site-sidebar-style":"default","ast-global-header-display":"","ast-banner-title-visibility":"","ast-main-header-display":"","ast-hfb-above-header-display":"","ast-hfb-below-header-display":"","ast-hfb-mobile-header-display":"","site-post-title":"disabled","ast-breadcrumbs-content":"","ast-featured-img":"","footer-sml-layout":"","theme-transparent-header-meta":"","adv-header-id-meta":"","stick-header-meta":"","header-above-stick-meta":"","header-main-stick-meta":"","header-below-stick-meta":"","astra-migrate-meta-layouts":"set","ast-page-background-enabled":"default","ast-page-background-meta":{"desktop":{"background-color":"var(--ast-global-color-4)","background-image":"","background-repeat":"repeat","background-position":"center center","background-size":"auto","background-attachment":"scroll","background-type":"","background-media":"","overlay-type":"","overlay-color":"","overlay-opacity":"","overlay-gradient":""},"tablet":{"background-color":"","background-image":"","background-repeat":"repeat","background-position":"center center","background-size":"auto","background-attachment":"scroll","background-type":"","background-media":"","overlay-type":"","overlay-color":"","overlay-opacity":"","overlay-gradient":""},"mobile":{"background-color":"","background-image":"","background-repeat":"repeat","background-position":"center center","background-size":"auto","background-attachment":"scroll","background-type":"","background-media":"","overlay-type":"","overlay-color":"","overlay-opacity":"","overlay-gradient":""}},"ast-content-background-meta":{"desktop":{"background-color":"var(--ast-global-color-5)","background-image":"","background-repeat":"repeat","background-position":"center center","background-size":"auto","background-attachment":"scroll","background-type":"","background-media":"","overlay-type":"","overlay-color":"","overlay-opacity":"","overlay-gradient":""},"tablet":{"background-color":"var(--ast-global-color-5)","background-image":"","background-repeat":"repeat","background-position":"center center","background-size":"auto","background-attachment":"scroll","background-type":"","background-media":"","overlay-type":"","overlay-color":"","overlay-opacity":"","overlay-gradient":""},"mobile":{"background-color":"var(--ast-global-color-5)","background-image":"","background-repeat":"repeat","background-position":"center center","background-size":"auto","background-attachment":"scroll","background-type":"","background-media":"","overlay-type":"","overlay-color":"","overlay-opacity":"","overlay-gradient":""}},"footnotes":""},"class_list":["post-2345","page","type-page","status-publish","hentry"],"uagb_featured_image_src":{"full":false,"thumbnail":false,"medium":false,"medium_large":false,"large":false,"1536x1536":false,"2048x2048":false,"trp-custom-language-flag":false},"uagb_author_info":{"display_name":"kebclassic","author_link":"https:\/\/kebclassic.se\/en\/author\/kebclassic\/"},"uagb_comment_info":0,"uagb_excerpt":"Anm\u00e4lan Keb Classic 2026 kommer inte att genomf\u00f6ras i \u00e5r. Vi tackar alla deltagare och funktion\u00e4rer f\u00f6r deras stora engagemang och forts\u00e4tter arbeta vidare med framtiden. Vi uppdaterar i v\u00e5ra kanaler n\u00e4r vi har mer information om vad som h\u00e4nder fram\u00e5t. Anm\u00e4l ditt lag Anm\u00e4lan till Keb Classic 2026 \u00e4r st\u00e4ngd f\u00f6r tillf\u00e4llet. Betalningsinformation och&hellip;","_links":{"self":[{"href":"https:\/\/kebclassic.se\/en\/wp-json\/wp\/v2\/pages\/2345","targetHints":{"allow":["GET"]}}],"collection":[{"href":"https:\/\/kebclassic.se\/en\/wp-json\/wp\/v2\/pages"}],"about":[{"href":"https:\/\/kebclassic.se\/en\/wp-json\/wp\/v2\/types\/page"}],"author":[{"embeddable":true,"href":"https:\/\/kebclassic.se\/en\/wp-json\/wp\/v2\/users\/1"}],"replies":[{"embeddable":true,"href":"https:\/\/kebclassic.se\/en\/wp-json\/wp\/v2\/comments?post=2345"}],"version-history":[{"count":75,"href":"https:\/\/kebclassic.se\/en\/wp-json\/wp\/v2\/pages\/2345\/revisions"}],"predecessor-version":[{"id":3361,"href":"https:\/\/kebclassic.se\/en\/wp-json\/wp\/v2\/pages\/2345\/revisions\/3361"}],"wp:attachment":[{"href":"https:\/\/kebclassic.se\/en\/wp-json\/wp\/v2\/media?parent=2345"}],"curies":[{"name":"wp","href":"https:\/\/api.w.org\/{rel}","templated":true}]}}