{"id":1326,"date":"2024-10-22T16:07:28","date_gmt":"2024-10-22T14:07:28","guid":{"rendered":"https:\/\/negi.se.vkube.cloud\/services\/"},"modified":"2025-04-14T12:06:32","modified_gmt":"2025-04-14T10:06:32","slug":"boende","status":"publish","type":"page","link":"https:\/\/kebclassic.se\/en\/boende\/","title":{"rendered":"Accomodation"},"content":{"rendered":"<div class=\"wp-block-uagb-container uagb-block-ae0bc409 alignfull uagb-is-root-container\"><div class=\"uagb-container-inner-blocks-wrap\">\n<div class=\"wp-block-uagb-advanced-heading uagb-block-8a1eebc0\"><h1 class=\"uagb-heading-text\">Accomodation<\/h1><\/div>\n<\/div><\/div>\n\n\n\n<div class=\"wp-block-uagb-advanced-heading uagb-block-3788a1d6\"><h4 class=\"uagb-heading-text\">For over a hundred years, Kebnekaise Fj\u00e4llstation has offered accommodation for big and small adventurers. Choose between living in a dormitory in our charming main building or more comfortably in private two or four-bed rooms in one of our annexes.<\/h4><\/div>\n\n\n\n<div class=\"wp-block-uagb-container uagb-block-8irx7zlh alignfull uagb-is-root-container\"><div class=\"uagb-container-inner-blocks-wrap\">\n<div class=\"wp-block-uagb-container uagb-block-m4kmnawf\">\n<div class=\"wp-block-uagb-image alignleft uagb-block-ritngldt wp-block-uagb-image--layout-default wp-block-uagb-image--effect-static wp-block-uagb-image--align-left\"><figure class=\"wp-block-uagb-image__figure\"><img decoding=\"async\" srcset=\"https:\/\/kebclassic.se\/wp-content\/uploads\/2024\/10\/180924_kebrum-3-min-edited-768x1024.jpg ,https:\/\/kebclassic.se\/wp-content\/uploads\/2024\/10\/180924_kebrum-3-min-edited-scaled.jpg 780w, https:\/\/kebclassic.se\/wp-content\/uploads\/2024\/10\/180924_kebrum-3-min-edited-scaled.jpg 360w\" sizes=\"auto, (max-width: 480px) 150px\" src=\"https:\/\/kebclassic.se\/wp-content\/uploads\/2024\/10\/180924_kebrum-3-min-edited-768x1024.jpg\" alt=\"\" class=\"uag-image-2550\" width=\"540\" height=\"720\" title=\"180924_kebrum-3-min\" loading=\"lazy\" role=\"img\"\/><\/figure><\/div>\n\n\n\n<div class=\"wp-block-uagb-info-box uagb-block-l5vkhafk uagb-infobox__content-wrap  uagb-infobox-icon-above-title uagb-infobox-image-valign-top\"><div class=\"uagb-ifb-content\"><div class=\"uagb-ifb-title-wrap\"><p class=\"uagb-ifb-title-prefix\">Arrival 8\/4, departure 12\/4<\/p><h2 class=\"uagb-ifb-title\">Accomodation 4 days<\/h2><\/div><p class=\"uagb-ifb-desc translation-block\"><strong>The package includes:<\/strong><br>Accommodation. Arrival 8\/4, departure 12\/4.<br>Linen + towel<br>Final cleaning<br>Breakfast: 9\/4, 10\/4, 12\/4 and 12\/4.<br>Lunch\/lunch package: 9\/4, 10\/4 and 11\/4<br>Dinner: Sports buffet 9\/3 and 10\/3.<br><em>(Dinner banquet 11\/4 is included in the registration fee.<\/em>)<br><br>You can also add dinner at the station for 8\/4. To be sure to get a seat at the dinner, book in advance via our website: https:\/\/www.svenskaturistforeningen.se\/aktiviteter\/kebnekaise-tvarattersmiddag\/<br><br><strong>Price:<\/strong><br>Bed in dormitory \u2013 2800 SEK \/ person<br>Private room for the team \u2013 4100 SEK \/ person<\/p><\/div><\/div>\n<\/div>\n\n\n\n<div class=\"wp-block-uagb-container uagb-block-i2fluhub\">\n<div class=\"wp-block-uagb-image alignleft uagb-block-rhk3ve8k wp-block-uagb-image--layout-default wp-block-uagb-image--effect-static wp-block-uagb-image--align-left\"><figure class=\"wp-block-uagb-image__figure\"><img decoding=\"async\" srcset=\"https:\/\/kebclassic.se\/wp-content\/uploads\/2024\/10\/DSC09355-819x1024.jpg ,https:\/\/kebclassic.se\/wp-content\/uploads\/2024\/10\/DSC09355-scaled-e1729632259789.jpg 780w, https:\/\/kebclassic.se\/wp-content\/uploads\/2024\/10\/DSC09355-scaled-e1729632259789.jpg 360w\" sizes=\"auto, (max-width: 480px) 150px\" src=\"https:\/\/kebclassic.se\/wp-content\/uploads\/2024\/10\/DSC09355-819x1024.jpg\" alt=\"\" class=\"uag-image-2331\" width=\"540\" height=\"720\" title=\"DSC09355\" loading=\"lazy\" role=\"img\"\/><\/figure><\/div>\n\n\n\n<div class=\"wp-block-uagb-info-box uagb-block-7vnxuaeq uagb-infobox__content-wrap  uagb-infobox-icon-above-title uagb-infobox-image-valign-top\"><div class=\"uagb-ifb-content\"><div class=\"uagb-ifb-title-wrap\"><p class=\"uagb-ifb-title-prefix\">Arrival 9\/4, departure 12\/4<\/p><h2 class=\"uagb-ifb-title\">Accomodation 3 days<\/h2><\/div><p class=\"uagb-ifb-desc translation-block\"><strong>The package includes:<\/strong><br>Accommodation. Arrival 9\/3, departure 12\/4.<br>Linen + towel<br>Final cleaning<br>Breakfast: 10\/4, 11\/4 and 12\/4.<br>Lunch\/lunch package: 10\/4 and 11\/4.<br>Dinner: Sports buffet 9\/3 and 10\/3.<br><em>(Dinner banquet 11\/4 is included in the registration fee.<\/em>)<br><br><strong>Price:<\/strong><br>Bed in dormitory \u2013 2300 SEK \/ person<br>Private room for the team \u2013 3400 SEK \/ person<\/p><\/div><\/div>\n<\/div>\n<\/div><\/div>\n\n\n\n<div class=\"wp-block-uagb-container uagb-block-d93bf905 alignfull uagb-is-root-container\"><div class=\"uagb-container-inner-blocks-wrap\">\n<div class=\"wp-block-uagb-advanced-heading uagb-block-77ef943d\"><h2 class=\"uagb-heading-text\">Book only accomodation?<\/h2><p class=\"uagb-desc-text translation-block\">If you do not wish to book any of our accomodation packages you can book only accomodation on our website: <br><a href=\"https:\/\/www.svenskaturistforeningen.se\/boende\/stf-kebnekaise-fjallstation\/\" target=\"_self\">https:\/\/www.svenskaturistforeningen.se\/boende\/stf-kebnekaise-fjallstation\/<\/a><\/p><\/div>\n<\/div><\/div>\n\n\n\n<div class=\"wp-block-uagb-container uagb-block-8nbl7x2z alignfull uagb-is-root-container\"><div class=\"uagb-container-inner-blocks-wrap\">\n<div class=\"wp-block-uagb-container uagb-block-qn4eb6al\">\n<div class=\"wp-block-uagb-info-box uagb-block-beuuat9y uagb-infobox__content-wrap  uagb-infobox-icon-above-title uagb-infobox-image-valign-top\"><div class=\"uagb-ifb-content\"><div class=\"uagb-ifb-title-wrap\"><h2 class=\"uagb-ifb-title\">Find us<\/h2><\/div><p class=\"uagb-ifb-desc translation-block\">Kebnekaise mountain station is located approx. 90 km west of Kiruna, in the middle of the arctic wildness. To get to Kebnekaise, you first go to Nikkaluokta where the road ends, either with your own car or by bus from Kiruna<br><br>To Kiruna you can go by train with (<a href=\"http:\/\/www.sj.se\/ \" target=\"_blank\" rel=\"noreferrer noopener\"><strong>www.sj.se<\/strong><\/a>) or flight (<a href=\"http:\/\/www.sas.se\/\" target=\"_blank\" rel=\"noreferrer noopener\"><strong>www.sas.se<\/strong><\/a>). There is a daily bus service between Kiruna and Nikkaluokta that matches the arrival time of the night train, for prices and info see<strong>\u00a0<a href=\"https:\/\/nikkaluoktaexpressen.se\/\" target=\"_blank\" rel=\"noreferrer noopener\">nikkaluoktaexpressen.se<\/a>.<\/strong> The bus departs from Kiruna bus station and runs via Kiruna railway station and the airport before it continues towards Nikkaluokta.<br><br>\n\nIn Nikkaluokta the road ends and you travel the last 17 km to Kebnekaise mountain station with either skis or snowmobile. In connection to the race, a number of extra snow mobile departures are set up in addition to the regular schedule. More information will be sent in a separate email after registration.<\/p><\/div><\/div>\n<\/div>\n\n\n\t\t\t<div \n\t\t\tclass=\"wp-block-uagb-google-map uagb-google-map__wrap uagb-block-ti1izz89\"\n\t\t\tstyle=\"\" >\n\t\t\t\t<embed\n\t\t\t\t\tclass=\"uagb-google-map__iframe\"\n\t\t\t\t\ttitle=\"Google Map for \"\n\t\t\t\t\tsrc=\"https:\/\/maps.google.com\/maps?q=STF%20Kebnekaise&#038;z=9&#038;hl=sv&#038;t=m&#038;output=embed&#038;iwloc=near\"\n\t\t\t\t\twidth=\"640\"\n\t\t\t\t\theight=\"600\"\n\t\t\t\t\tloading=\"lazy\"\n\t\t\t\t><\/embed>\n\t\t\t<\/div>\n\t\t\t<\/div><\/div>","protected":false},"excerpt":{"rendered":"<p>Boende I \u00f6ver hundra \u00e5r har Kebnekaise Fj\u00e4llstation erbjudit husrum f\u00f6r stora som sm\u00e5 \u00e4ventyrare och livsnjutare. V\u00e4lj mellan att bo i sovsal i v\u00e5r charmiga huvudbyggnad fr\u00e5n sekelskiftet eller mer bekv\u00e4mt i tv\u00e5- eller fyrb\u00e4ddsrum i n\u00e5got av v\u00e5ra annex. Boka enbart boende? \u00d6nskar du inte boka n\u00e5got av v\u00e5ra boendepaket s\u00e5 kan du [&hellip;]<\/p>","protected":false},"author":1,"featured_media":0,"parent":0,"menu_order":0,"comment_status":"closed","ping_status":"closed","template":"","meta":{"_uag_custom_page_level_css":"","site-sidebar-layout":"no-sidebar","site-content-layout":"page-builder","ast-site-content-layout":"full-width-container","site-content-style":"default","site-sidebar-style":"unboxed","ast-global-header-display":"","ast-banner-title-visibility":"","ast-main-header-display":"","ast-hfb-above-header-display":"","ast-hfb-below-header-display":"","ast-hfb-mobile-header-display":"","site-post-title":"disabled","ast-breadcrumbs-content":"","ast-featured-img":"disabled","footer-sml-layout":"","theme-transparent-header-meta":"enabled","adv-header-id-meta":"","stick-header-meta":"","header-above-stick-meta":"","header-main-stick-meta":"","header-below-stick-meta":"","astra-migrate-meta-layouts":"set","ast-page-background-enabled":"default","ast-page-background-meta":{"desktop":{"background-color":"var(--ast-global-color-4)","background-image":"","background-repeat":"repeat","background-position":"center center","background-size":"auto","background-attachment":"scroll","background-type":"","background-media":"","overlay-type":"","overlay-color":"","overlay-opacity":"","overlay-gradient":""},"tablet":{"background-color":"","background-image":"","background-repeat":"repeat","background-position":"center center","background-size":"auto","background-attachment":"scroll","background-type":"","background-media":"","overlay-type":"","overlay-color":"","overlay-opacity":"","overlay-gradient":""},"mobile":{"background-color":"","background-image":"","background-repeat":"repeat","background-position":"center center","background-size":"auto","background-attachment":"scroll","background-type":"","background-media":"","overlay-type":"","overlay-color":"","overlay-opacity":"","overlay-gradient":""}},"ast-content-background-meta":{"desktop":{"background-color":"var(--ast-global-color-5)","background-image":"","background-repeat":"repeat","background-position":"center center","background-size":"auto","background-attachment":"scroll","background-type":"","background-media":"","overlay-type":"","overlay-color":"","overlay-opacity":"","overlay-gradient":""},"tablet":{"background-color":"var(--ast-global-color-5)","background-image":"","background-repeat":"repeat","background-position":"center center","background-size":"auto","background-attachment":"scroll","background-type":"","background-media":"","overlay-type":"","overlay-color":"","overlay-opacity":"","overlay-gradient":""},"mobile":{"background-color":"var(--ast-global-color-5)","background-image":"","background-repeat":"repeat","background-position":"center center","background-size":"auto","background-attachment":"scroll","background-type":"","background-media":"","overlay-type":"","overlay-color":"","overlay-opacity":"","overlay-gradient":""}},"footnotes":""},"class_list":["post-1326","page","type-page","status-publish","hentry"],"uagb_featured_image_src":{"full":false,"thumbnail":false,"medium":false,"medium_large":false,"large":false,"1536x1536":false,"2048x2048":false,"trp-custom-language-flag":false},"uagb_author_info":{"display_name":"kebclassic","author_link":"https:\/\/kebclassic.se\/en\/author\/kebclassic\/"},"uagb_comment_info":0,"uagb_excerpt":"Boende I \u00f6ver hundra \u00e5r har Kebnekaise Fj\u00e4llstation erbjudit husrum f\u00f6r stora som sm\u00e5 \u00e4ventyrare och livsnjutare. V\u00e4lj mellan att bo i sovsal i v\u00e5r charmiga huvudbyggnad fr\u00e5n sekelskiftet eller mer bekv\u00e4mt i tv\u00e5- eller fyrb\u00e4ddsrum i n\u00e5got av v\u00e5ra annex. Boka enbart boende? \u00d6nskar du inte boka n\u00e5got av v\u00e5ra boendepaket s\u00e5 kan du&hellip;","_links":{"self":[{"href":"https:\/\/kebclassic.se\/en\/wp-json\/wp\/v2\/pages\/1326","targetHints":{"allow":["GET"]}}],"collection":[{"href":"https:\/\/kebclassic.se\/en\/wp-json\/wp\/v2\/pages"}],"about":[{"href":"https:\/\/kebclassic.se\/en\/wp-json\/wp\/v2\/types\/page"}],"author":[{"embeddable":true,"href":"https:\/\/kebclassic.se\/en\/wp-json\/wp\/v2\/users\/1"}],"replies":[{"embeddable":true,"href":"https:\/\/kebclassic.se\/en\/wp-json\/wp\/v2\/comments?post=1326"}],"version-history":[{"count":34,"href":"https:\/\/kebclassic.se\/en\/wp-json\/wp\/v2\/pages\/1326\/revisions"}],"predecessor-version":[{"id":3262,"href":"https:\/\/kebclassic.se\/en\/wp-json\/wp\/v2\/pages\/1326\/revisions\/3262"}],"wp:attachment":[{"href":"https:\/\/kebclassic.se\/en\/wp-json\/wp\/v2\/media?parent=1326"}],"curies":[{"name":"wp","href":"https:\/\/api.w.org\/{rel}","templated":true}]}}